{"id":405,"date":"2018-09-17T12:37:12","date_gmt":"2018-09-17T10:37:12","guid":{"rendered":"https:\/\/polmarsystem.com\/produkty\/"},"modified":"2024-10-25T10:18:48","modified_gmt":"2024-10-25T08:18:48","slug":"product","status":"publish","type":"page","link":"https:\/\/polmarsystem.com\/en\/product\/","title":{"rendered":"Products"},"content":{"rendered":"","protected":false},"excerpt":{"rendered":"","protected":false},"author":1,"featured_media":0,"parent":0,"menu_order":2,"comment_status":"closed","ping_status":"closed","template":"","meta":{"inline_featured_image":false,"footnotes":""},"class_list":["post-405","page","type-page","status-publish","hentry"],"yoast_head":"<!-- This site is optimized with the Yoast SEO plugin v27.3 - https:\/\/yoast.com\/product\/yoast-seo-wordpress\/ -->\n<title>Products | Polmar System - nowoczesne systemy czyszcz\u0105ce<\/title>\n<meta name=\"robots\" content=\"noindex, follow\" \/>\n<meta property=\"og:locale\" content=\"en_US\" \/>\n<meta property=\"og:type\" content=\"article\" \/>\n<meta property=\"og:title\" content=\"Products | Polmar System - nowoczesne systemy czyszcz\u0105ce\" \/>\n<meta property=\"og:url\" content=\"https:\/\/polmarsystem.com\/en\/product\/\" \/>\n<meta property=\"og:site_name\" content=\"Polmar System - nowoczesne systemy czyszcz\u0105ce\" \/>\n<meta property=\"article:publisher\" content=\"https:\/\/www.facebook.com\/PolmarSystem\" \/>\n<meta property=\"article:modified_time\" content=\"2024-10-25T08:18:48+00:00\" \/>\n<meta name=\"twitter:card\" content=\"summary_large_image\" \/>\n<script type=\"application\/ld+json\" class=\"yoast-schema-graph\">{\"@context\":\"https:\\\/\\\/schema.org\",\"@graph\":[{\"@type\":\"WebPage\",\"@id\":\"https:\\\/\\\/polmarsystem.com\\\/en\\\/product\\\/\",\"url\":\"https:\\\/\\\/polmarsystem.com\\\/en\\\/product\\\/\",\"name\":\"Products | Polmar System - nowoczesne systemy czyszcz\u0105ce\",\"isPartOf\":{\"@id\":\"https:\\\/\\\/polmarsystem.com\\\/#website\"},\"datePublished\":\"2018-09-17T10:37:12+00:00\",\"dateModified\":\"2024-10-25T08:18:48+00:00\",\"inLanguage\":\"en-US\",\"potentialAction\":[{\"@type\":\"ReadAction\",\"target\":[\"https:\\\/\\\/polmarsystem.com\\\/en\\\/product\\\/\"]}]},{\"@type\":\"WebSite\",\"@id\":\"https:\\\/\\\/polmarsystem.com\\\/#website\",\"url\":\"https:\\\/\\\/polmarsystem.com\\\/\",\"name\":\"Polmar System\",\"description\":\"Profesjonalne wycieraczki obiektowe i do k\u00f3\u0142 pojazd\u00f3w\",\"publisher\":{\"@id\":\"https:\\\/\\\/polmarsystem.com\\\/#organization\"},\"potentialAction\":[{\"@type\":\"SearchAction\",\"target\":{\"@type\":\"EntryPoint\",\"urlTemplate\":\"https:\\\/\\\/polmarsystem.com\\\/?s={search_term_string}\"},\"query-input\":{\"@type\":\"PropertyValueSpecification\",\"valueRequired\":true,\"valueName\":\"search_term_string\"}}],\"inLanguage\":\"en-US\"},{\"@type\":\"Organization\",\"@id\":\"https:\\\/\\\/polmarsystem.com\\\/#organization\",\"name\":\"Polmar System - nowoczesne systemy czyszcz\u0105ce\",\"url\":\"https:\\\/\\\/polmarsystem.com\\\/\",\"logo\":{\"@type\":\"ImageObject\",\"inLanguage\":\"en-US\",\"@id\":\"https:\\\/\\\/polmarsystem.com\\\/#\\\/schema\\\/logo\\\/image\\\/\",\"url\":\"https:\\\/\\\/polmarsystem.com\\\/wp-content\\\/uploads\\\/2020\\\/10\\\/polmar-system-logo_153.svg\",\"contentUrl\":\"https:\\\/\\\/polmarsystem.com\\\/wp-content\\\/uploads\\\/2020\\\/10\\\/polmar-system-logo_153.svg\",\"width\":156,\"height\":35,\"caption\":\"Polmar System - nowoczesne systemy czyszcz\u0105ce\"},\"image\":{\"@id\":\"https:\\\/\\\/polmarsystem.com\\\/#\\\/schema\\\/logo\\\/image\\\/\"},\"sameAs\":[\"https:\\\/\\\/www.facebook.com\\\/PolmarSystem\",\"https:\\\/\\\/www.linkedin.com\\\/company\\\/polmar_system\"]}]}<\/script>\n<!-- \/ Yoast SEO plugin. -->","yoast_head_json":{"title":"Products | Polmar System - nowoczesne systemy czyszcz\u0105ce","robots":{"index":"noindex","follow":"follow"},"og_locale":"en_US","og_type":"article","og_title":"Products | Polmar System - nowoczesne systemy czyszcz\u0105ce","og_url":"https:\/\/polmarsystem.com\/en\/product\/","og_site_name":"Polmar System - nowoczesne systemy czyszcz\u0105ce","article_publisher":"https:\/\/www.facebook.com\/PolmarSystem","article_modified_time":"2024-10-25T08:18:48+00:00","twitter_card":"summary_large_image","schema":{"@context":"https:\/\/schema.org","@graph":[{"@type":"WebPage","@id":"https:\/\/polmarsystem.com\/en\/product\/","url":"https:\/\/polmarsystem.com\/en\/product\/","name":"Products | Polmar System - nowoczesne systemy czyszcz\u0105ce","isPartOf":{"@id":"https:\/\/polmarsystem.com\/#website"},"datePublished":"2018-09-17T10:37:12+00:00","dateModified":"2024-10-25T08:18:48+00:00","inLanguage":"en-US","potentialAction":[{"@type":"ReadAction","target":["https:\/\/polmarsystem.com\/en\/product\/"]}]},{"@type":"WebSite","@id":"https:\/\/polmarsystem.com\/#website","url":"https:\/\/polmarsystem.com\/","name":"Polmar System","description":"Profesjonalne wycieraczki obiektowe i do k\u00f3\u0142 pojazd\u00f3w","publisher":{"@id":"https:\/\/polmarsystem.com\/#organization"},"potentialAction":[{"@type":"SearchAction","target":{"@type":"EntryPoint","urlTemplate":"https:\/\/polmarsystem.com\/?s={search_term_string}"},"query-input":{"@type":"PropertyValueSpecification","valueRequired":true,"valueName":"search_term_string"}}],"inLanguage":"en-US"},{"@type":"Organization","@id":"https:\/\/polmarsystem.com\/#organization","name":"Polmar System - nowoczesne systemy czyszcz\u0105ce","url":"https:\/\/polmarsystem.com\/","logo":{"@type":"ImageObject","inLanguage":"en-US","@id":"https:\/\/polmarsystem.com\/#\/schema\/logo\/image\/","url":"https:\/\/polmarsystem.com\/wp-content\/uploads\/2020\/10\/polmar-system-logo_153.svg","contentUrl":"https:\/\/polmarsystem.com\/wp-content\/uploads\/2020\/10\/polmar-system-logo_153.svg","width":156,"height":35,"caption":"Polmar System - nowoczesne systemy czyszcz\u0105ce"},"image":{"@id":"https:\/\/polmarsystem.com\/#\/schema\/logo\/image\/"},"sameAs":["https:\/\/www.facebook.com\/PolmarSystem","https:\/\/www.linkedin.com\/company\/polmar_system"]}]}},"_links":{"self":[{"href":"https:\/\/polmarsystem.com\/en\/wp-json\/wp\/v2\/pages\/405","targetHints":{"allow":["GET"]}}],"collection":[{"href":"https:\/\/polmarsystem.com\/en\/wp-json\/wp\/v2\/pages"}],"about":[{"href":"https:\/\/polmarsystem.com\/en\/wp-json\/wp\/v2\/types\/page"}],"author":[{"embeddable":true,"href":"https:\/\/polmarsystem.com\/en\/wp-json\/wp\/v2\/users\/1"}],"replies":[{"embeddable":true,"href":"https:\/\/polmarsystem.com\/en\/wp-json\/wp\/v2\/comments?post=405"}],"version-history":[{"count":2,"href":"https:\/\/polmarsystem.com\/en\/wp-json\/wp\/v2\/pages\/405\/revisions"}],"predecessor-version":[{"id":449,"href":"https:\/\/polmarsystem.com\/en\/wp-json\/wp\/v2\/pages\/405\/revisions\/449"}],"wp:attachment":[{"href":"https:\/\/polmarsystem.com\/en\/wp-json\/wp\/v2\/media?parent=405"}],"curies":[{"name":"wp","href":"https:\/\/api.w.org\/{rel}","templated":true}]}}